{"id":2,"date":"2016-11-10T20:52:36","date_gmt":"2016-11-10T19:52:36","guid":{"rendered":"http:\/\/www.domaine-soyeux.com\/wordpress\/?page_id=2"},"modified":"2025-04-30T15:07:35","modified_gmt":"2025-04-30T13:07:35","slug":"page-d-exemple","status":"publish","type":"page","link":"http:\/\/www.domaine-soyeux.com\/","title":{"rendered":"Aux portes de l&rsquo;Ard\u00e8che, venez vous d\u00e9tendre dans un cadre privil\u00e9gi\u00e9, original et raffin\u00e9&#8230;"},"content":{"rendered":"<p>Escapades touristiques, week-ends en amoureux ou s\u00e9jours de d\u00e9tente, s\u00e9minaires professionnels, \u00e9v\u00e9nements familiaux, mariages ou anniversaire&#8230; aux portes de l&rsquo;Ard\u00e8che : LE DOMAINE DES SOYEUX.<\/p>\n<p>Ch\u00e2teau de style Art Nouveau \u00e9difi\u00e9 par un ma\u00eetre soyeux \u00e0 la fin du XIX\u00e8me si\u00e8cle, situ\u00e9 au carrefour de\u00a0l&rsquo;Ard\u00e8che, de la Loire, du Rh\u00f4ne et de l&rsquo;Is\u00e8re, dans le parc naturel du Pilat, le Domaine des Soyeux vous accueille dans un vaste parc de 2 hectares, orn\u00e9 d&rsquo;arbres centenaires.<\/p>\n<p>Vous pourrez appr\u00e9cier ses chambres d&rsquo;h\u00f4tes ou ses chalets et profiterez d&rsquo;un moment de d\u00e9tente et de ressourcement, au bord de la piscine, \u00e0 l&rsquo;espace bien-\u00eatre ou dans son magnifique parc&#8230;<\/p>\n<p>&nbsp;<\/p>\n","protected":false},"excerpt":{"rendered":"<p>Escapades touristiques, week-ends en amoureux ou s\u00e9jours de d\u00e9tente, s\u00e9minaires professionnels, \u00e9v\u00e9nements familiaux, mariages ou anniversaire&#8230; aux portes de l&rsquo;Ard\u00e8che : LE DOMAINE DES SOYEUX. Ch\u00e2teau de style Art Nouveau \u00e9difi\u00e9 par un ma\u00eetre soyeux \u00e0 la fin du XIX\u00e8me si\u00e8cle, situ\u00e9 au carrefour de\u00a0l&rsquo;Ard\u00e8che, de la Loire, du Rh\u00f4ne et de l&rsquo;Is\u00e8re, dans le [&hellip;]<\/p>\n","protected":false},"author":1,"featured_media":0,"parent":0,"menu_order":1,"comment_status":"closed","ping_status":"open","template":"page-templates\/template-fullwidth.php","meta":{"footnotes":""},"class_list":["post-2","page","type-page","status-publish","hentry"],"_links":{"self":[{"href":"http:\/\/www.domaine-soyeux.com\/index.php?rest_route=\/wp\/v2\/pages\/2","targetHints":{"allow":["GET"]}}],"collection":[{"href":"http:\/\/www.domaine-soyeux.com\/index.php?rest_route=\/wp\/v2\/pages"}],"about":[{"href":"http:\/\/www.domaine-soyeux.com\/index.php?rest_route=\/wp\/v2\/types\/page"}],"author":[{"embeddable":true,"href":"http:\/\/www.domaine-soyeux.com\/index.php?rest_route=\/wp\/v2\/users\/1"}],"replies":[{"embeddable":true,"href":"http:\/\/www.domaine-soyeux.com\/index.php?rest_route=%2Fwp%2Fv2%2Fcomments&post=2"}],"version-history":[{"count":20,"href":"http:\/\/www.domaine-soyeux.com\/index.php?rest_route=\/wp\/v2\/pages\/2\/revisions"}],"predecessor-version":[{"id":268,"href":"http:\/\/www.domaine-soyeux.com\/index.php?rest_route=\/wp\/v2\/pages\/2\/revisions\/268"}],"wp:attachment":[{"href":"http:\/\/www.domaine-soyeux.com\/index.php?rest_route=%2Fwp%2Fv2%2Fmedia&parent=2"}],"curies":[{"name":"wp","href":"https:\/\/api.w.org\/{rel}","templated":true}]}}