{"id":44,"date":"2017-03-26T17:05:04","date_gmt":"2017-03-26T15:05:04","guid":{"rendered":"http:\/\/www.domaine-soyeux.com\/wordpress\/?page_id=44"},"modified":"2025-08-22T23:09:07","modified_gmt":"2025-08-22T21:09:07","slug":"informations-pratiques","status":"publish","type":"page","link":"http:\/\/www.domaine-soyeux.com\/?page_id=44","title":{"rendered":"Informations pratiques"},"content":{"rendered":"<p><strong><em>Ch\u00e8re Madame, Cher Monsieur,<\/em><\/strong><\/p>\n<p><strong><em>Nous vous remercions de votre r\u00e9servation dans notre \u00e9tablissement. <\/em><\/strong><\/p>\n<p><strong><em>Notre Domaine est un lieu de bien-\u00eatre et de ressourcement. <\/em><\/strong><\/p>\n<p><strong><em>Nous pr\u00f4nons, dans le cadre d\u2019une vie \u00ab naturo \u00bb, les produits naturels et biologiques, tant au niveau de l\u2019alimentation que de l\u2019entretien de la maison, la paix et le calme dans notre environnement&#8230; et nous limitons au plus les ondes n\u00e9fastes, les produits chimiques et nocifs, tout ce qui est toxique.<\/em><\/strong><\/p>\n<p><strong><em>\u00a0<\/em><\/strong><strong><em>Un centre de bien-\u00eatre et de soins en Naturopathie est install\u00e9 dans le Domaine.<\/em><\/strong><\/p>\n<p><strong><em>Vous pourrez ainsi b\u00e9n\u00e9ficier des prestations du centre de Bien-\u00eatre et de Soins en Naturopathie sur r\u00e9servation pour un massage, une consultation Naturo, un bilan vitalit\u00e9\u2026<\/em><\/strong><\/p>\n<p><strong><em>Informations sur <\/em><\/strong><a href=\"about:blank\"><strong><em>www.mynaturo.fr<\/em><\/strong><\/a><strong><em> ou <\/em><\/strong><a href=\"about:blank\"><strong><em>www.domaine-soyeux.com<\/em><\/strong><\/a><strong><em> onglet Bien-\u00eatre. R\u00e9servation obligatoire au 04.77.51.56.04 ou 06.79.30.35.06.<\/em><\/strong><\/p>\n<p><strong><em>Pour le bon d\u00e9roulement de votre s\u00e9jour au domaine,\u00a0 vous trouverez ci-dessous \u00a0quelques informations utiles:<\/em><\/strong><\/p>\n<ul>\n<li><strong><em>L\u2019accueil est ouvert de 18 H \u00e0 19 H (\u00e9tablissement ferm\u00e9 avant cet horaire\u00a0!). Sus en cas d\u2019arriv\u00e9e anticip\u00e9e non pr\u00e9vue et autoris\u00e9e.<\/em><\/strong><\/li>\n<li><strong><em>Les chambres doivent \u00eatre lib\u00e9r\u00e9es \u00e0 10h30.<\/em><\/strong><\/li>\n<li><strong><em>Pour le respect des lieux, les repas dans les chambres ne sont pas autoris\u00e9s. Pour le respect des h\u00f4tes et des propri\u00e9taires du domaine, nous vous remercions de bien vouloir respecter les horaires.<\/em><\/strong><\/li>\n<li><strong><em>Dans la maison, afin de garantir l&rsquo;hygi\u00e8ne et la protection de nos sols du XIX\u00e8me, nous nous d\u00e9pla\u00e7ons en chaussons. Si vous souhaitez apporter les v\u00f4tres \u2026 sinon une paire sera mise \u00e0 votre disposition (participation de 2.50\u20ac la paire).<\/em><\/strong><\/li>\n<li><strong><em>Un acc\u00e8s WIFI gratuit (en journ\u00e9e) est possible au sein de l\u2019\u00e9tablissement.<\/em><\/strong><\/li>\n<li><strong><em>Un parking non couvert est possible \u00e0 l\u2019int\u00e9rieur de notre propri\u00e9t\u00e9<\/em><\/strong><\/li>\n<li><strong><em>La piscine (non chauff\u00e9e) est ouverte selon les conditions m\u00e9t\u00e9o (du 15 juin au 15 septembre environ chaque ann\u00e9e).<\/em><\/strong><\/li>\n<li><strong><em>Nos amis les animaux ne sont pas admis au sein de notre \u00e9tablissement puisque nous avons d\u00e9j\u00e0 sur le site 2 chiens, 2 chats et des tortues\u00a0!<\/em><\/strong><\/li>\n<li><strong><em>La taxe de s\u00e9jour (1\u20ac par personne par nuit\u00e9e) sera \u00e0 r\u00e9gler sur place en sus lors de votre arriv\u00e9e.<\/em><\/strong><\/li>\n<\/ul>\n<p><strong><em>Conditions d\u2019annulation\u00a0et pr\u00e9paiement : <\/em><\/strong><\/p>\n<p><strong><em>Pour les chambres d\u2019h\u00f4tes\u00a0: <\/em><\/strong>Le client pourra annuler gratuitement sa r\u00e9servation jusqu&rsquo;\u00e0 30 jours avant l&rsquo;arriv\u00e9e. Le client devra verser le montant total de la r\u00e9servation s&rsquo;il annule dans les 30 jours pr\u00e9c\u00e9dant l&rsquo;arriv\u00e9e.<\/p>\n<p><strong><em>Pour les chalets<\/em><\/strong>\u00a0: Les r\u00e9servations sont fermes et d\u00e9finitives. Le client devra verser le montant total de la r\u00e9servation s&rsquo;il annule apr\u00e8s avoir r\u00e9serv\u00e9.<\/p>\n<p><strong>Pr\u00e9paiement\u00a0:<\/strong><\/p>\n<p>Le client devra payer un acompte de 30% afin de valider la r\u00e9servation.<\/p>\n<p>Pour les r\u00e9servations de chalets, le montant total du s\u00e9jour devra \u00eatre pay\u00e9 apr\u00e8s avant la date effective du s\u00e9jour.<\/p>\n<p><strong><em>\u00a0<\/em><\/strong><\/p>\n<p><strong><em>Nous vous remercions de votre diligente attention et du respect de ces informations, t\u00e9l\u00e9chargeables <a href=\"http:\/\/www.domaine-soyeux.com\/wp-content\/uploads\/2020\/06\/bonjour3-v280620.pdf\" target=\"_blank\" rel=\"noopener\">i\u00e7i<\/a>.<\/em><\/strong><\/p>\n<p><strong><em><br \/>\nDans l\u2019attente du plaisir de vous rencontrer, <\/em><\/strong><\/p>\n<p><strong><em>Bien \u00e0 vous,<\/em><\/strong><\/p>\n<p><strong><em><br \/>\nLE DOMAINE DES SOYEUX <\/em><\/strong><\/p>\n<p><strong><em>589 Avenue de Colombier- 42\u00a0220 ST JULIEN MOLIN MOLETTE<br \/>\n04 77 51 56 04 \u2013 www.domaine-soyeux.com<br \/>\n<\/em><\/strong><\/p>\n","protected":false},"excerpt":{"rendered":"<p>Ch\u00e8re Madame, Cher Monsieur, Nous vous remercions de votre r\u00e9servation dans notre \u00e9tablissement. Notre Domaine est un lieu de bien-\u00eatre et de ressourcement. Nous pr\u00f4nons, dans le cadre d\u2019une vie \u00ab naturo \u00bb, les produits naturels et biologiques, tant au niveau de l\u2019alimentation que de l\u2019entretien de la maison, la paix et le calme dans [&hellip;]<\/p>\n","protected":false},"author":1,"featured_media":0,"parent":2,"menu_order":0,"comment_status":"closed","ping_status":"closed","template":"page-templates\/template-fullwidth.php","meta":{"footnotes":""},"class_list":["post-44","page","type-page","status-publish","hentry"],"_links":{"self":[{"href":"http:\/\/www.domaine-soyeux.com\/index.php?rest_route=\/wp\/v2\/pages\/44","targetHints":{"allow":["GET"]}}],"collection":[{"href":"http:\/\/www.domaine-soyeux.com\/index.php?rest_route=\/wp\/v2\/pages"}],"about":[{"href":"http:\/\/www.domaine-soyeux.com\/index.php?rest_route=\/wp\/v2\/types\/page"}],"author":[{"embeddable":true,"href":"http:\/\/www.domaine-soyeux.com\/index.php?rest_route=\/wp\/v2\/users\/1"}],"replies":[{"embeddable":true,"href":"http:\/\/www.domaine-soyeux.com\/index.php?rest_route=%2Fwp%2Fv2%2Fcomments&post=44"}],"version-history":[{"count":18,"href":"http:\/\/www.domaine-soyeux.com\/index.php?rest_route=\/wp\/v2\/pages\/44\/revisions"}],"predecessor-version":[{"id":284,"href":"http:\/\/www.domaine-soyeux.com\/index.php?rest_route=\/wp\/v2\/pages\/44\/revisions\/284"}],"up":[{"embeddable":true,"href":"http:\/\/www.domaine-soyeux.com\/index.php?rest_route=\/wp\/v2\/pages\/2"}],"wp:attachment":[{"href":"http:\/\/www.domaine-soyeux.com\/index.php?rest_route=%2Fwp%2Fv2%2Fmedia&parent=44"}],"curies":[{"name":"wp","href":"https:\/\/api.w.org\/{rel}","templated":true}]}}