{"id":67,"date":"2017-03-30T19:31:33","date_gmt":"2017-03-30T17:31:33","guid":{"rendered":"http:\/\/www.domaine-soyeux.com\/wordpress\/?page_id=67"},"modified":"2025-04-30T15:04:46","modified_gmt":"2025-04-30T13:04:46","slug":"le-village-de-saint-jmm-fab","status":"publish","type":"page","link":"http:\/\/www.domaine-soyeux.com\/?page_id=67","title":{"rendered":"Le village"},"content":{"rendered":"<p><strong>1137 habitants, altitude 590m. Situ\u00e9e sur le versant sud du mont Pilat, la commune profite d\u2019une zone naturelle privil\u00e9gi\u00e9e du fait de son appartenance au <a class=\"spip_out\" href=\"http:\/\/www.parc-naturel-pilat.fr\/\" target=\"_blanck\" rel=\"external\">Parc naturel r\u00e9gional du Pilat<\/a>. <\/strong><\/p>\n<p><img loading=\"lazy\" decoding=\"async\" class=\"alignleft size-medium wp-image-161\" src=\"http:\/\/www.domaine-soyeux.com\/wp-content\/uploads\/2017\/05\/stjulienmm2-300x240.jpeg\" alt=\"stjulienmm2\" width=\"300\" height=\"240\" srcset=\"http:\/\/www.domaine-soyeux.com\/wp-content\/uploads\/2017\/05\/stjulienmm2-300x240.jpeg 300w, http:\/\/www.domaine-soyeux.com\/wp-content\/uploads\/2017\/05\/stjulienmm2.jpeg 675w\" sizes=\"auto, (max-width: 300px) 100vw, 300px\" \/><br \/>\n<strong>A 7km de Bourg-Argental, \u00e0 34km de St-Etienne, \u00e0 15km d&rsquo;un cot\u00e9 d&rsquo;Anoonay et de l&rsquo;autre de la vall\u00e9e du Rh\u00f4ne, St-Julien-Molin-Molette fait partie de la <a class=\"spip_out\" href=\"http:\/\/www.cc-montsdupilat.fr\/\" target=\"_blanck\" rel=\"external\">Communaut\u00e9 de communes des monts du Pilat<\/a>. <\/strong><br \/>\n<strong>Le village est b\u00e2ti dans une cuvette qu\u2019arrose une rivi\u00e8re de bonne qualit\u00e9, <em>le Ternay<\/em>, qui, tout en traversant un magnifique espace bois\u00e9, alimente le barrage du m\u00eame nom. Ce barrage du lac du Ternay alimente en eau potable la ville d\u2019Annonay situ\u00e9e \u00e0 15km.<\/strong><\/p>\n<p><strong>Plus d&rsquo;information\u00a0<a href=\"http:\/\/www.saint-julien-molin-molette.fr\/\" target=\"_blank\">ici<\/a><\/strong><\/p>\n","protected":false},"excerpt":{"rendered":"<p>1137 habitants, altitude 590m. Situ\u00e9e sur le versant sud du mont Pilat, la commune profite d\u2019une zone naturelle privil\u00e9gi\u00e9e du fait de son appartenance au Parc naturel r\u00e9gional du Pilat. A 7km de Bourg-Argental, \u00e0 34km de St-Etienne, \u00e0 15km d&rsquo;un cot\u00e9 d&rsquo;Anoonay et de l&rsquo;autre de la vall\u00e9e du Rh\u00f4ne, St-Julien-Molin-Molette fait partie de [&hellip;]<\/p>\n","protected":false},"author":1,"featured_media":0,"parent":2,"menu_order":0,"comment_status":"closed","ping_status":"closed","template":"page-templates\/template-fullwidth.php","meta":{"footnotes":""},"class_list":["post-67","page","type-page","status-publish","hentry"],"_links":{"self":[{"href":"http:\/\/www.domaine-soyeux.com\/index.php?rest_route=\/wp\/v2\/pages\/67","targetHints":{"allow":["GET"]}}],"collection":[{"href":"http:\/\/www.domaine-soyeux.com\/index.php?rest_route=\/wp\/v2\/pages"}],"about":[{"href":"http:\/\/www.domaine-soyeux.com\/index.php?rest_route=\/wp\/v2\/types\/page"}],"author":[{"embeddable":true,"href":"http:\/\/www.domaine-soyeux.com\/index.php?rest_route=\/wp\/v2\/users\/1"}],"replies":[{"embeddable":true,"href":"http:\/\/www.domaine-soyeux.com\/index.php?rest_route=%2Fwp%2Fv2%2Fcomments&post=67"}],"version-history":[{"count":9,"href":"http:\/\/www.domaine-soyeux.com\/index.php?rest_route=\/wp\/v2\/pages\/67\/revisions"}],"predecessor-version":[{"id":276,"href":"http:\/\/www.domaine-soyeux.com\/index.php?rest_route=\/wp\/v2\/pages\/67\/revisions\/276"}],"up":[{"embeddable":true,"href":"http:\/\/www.domaine-soyeux.com\/index.php?rest_route=\/wp\/v2\/pages\/2"}],"wp:attachment":[{"href":"http:\/\/www.domaine-soyeux.com\/index.php?rest_route=%2Fwp%2Fv2%2Fmedia&parent=67"}],"curies":[{"name":"wp","href":"https:\/\/api.w.org\/{rel}","templated":true}]}}