{"id":89,"date":"2017-04-03T09:11:07","date_gmt":"2017-04-03T07:11:07","guid":{"rendered":"http:\/\/www.domaine-soyeux.com\/wordpress\/?page_id=89"},"modified":"2025-05-02T10:42:12","modified_gmt":"2025-05-02T08:42:12","slug":"nos-chambres","status":"publish","type":"page","link":"http:\/\/www.domaine-soyeux.com\/?page_id=89","title":{"rendered":"Nos chambres"},"content":{"rendered":"<p>Cinq chambres d&rsquo;h\u00f4tes spacieuses et confortables vous attendent pour de paisibles nuits au Ch\u00e2teau.<\/p>\n<p><strong>A partir du 4 juillet<\/strong>, nous mettons \u00e0 votre disposition 5 chambres du chateau situ\u00e9es au premier et deuxi\u00e8me \u00e9tage. Le petit d\u00e9jeuner, le linge de toilette et le m\u00e9nage sont inclus dans nos tarifs qui s&rsquo;entendent \u00e0 la chambre par nuit. Nous pouvons vous accorder une remise de 10% \u00e0 partir de 7 nuits cons\u00e9cutives.<\/p>\n<p>Nous disposons de lits d&rsquo;appoints, si vous souhaitez ajouter une personne \u00e0 vos chambres, au tarif de 50 euros la nuit.<\/p>\n<p><strong>La chambre \u00ab\u00a0Les Pins\u00a0\u00bb<\/strong> de 20 m2 est \u00e9quip\u00e9e d&rsquo;un lit double en 160 avec salle de bain douche et wc ind\u00e9pendant.<\/p>\n<p><strong>La chambre \u00ab\u00a0Les Tilleuls\u00a0\u00bb<\/strong> de 33 m2 est \u00e9quip\u00e9e d&rsquo;un lit double en 140 et d&rsquo;un lit en 90 avec une salle de bain avec baignoire et WC ind\u00e9pendant.<\/p>\n<p><strong>La chambre \u00ab\u00a0Les S\u00e9quo\u00efas\u00a0\u00bb<\/strong> de 36 m2 est \u00e9quip\u00e9e d&rsquo;un lit double en 160 avec une salle de bain avec baignoire et WC ind\u00e9pendant.<\/p>\n<p><strong>La suite \u00ab\u00a0Douglas\u00a0\u00bb<\/strong> de 50 m2 compte <strong>deux chambres<\/strong> : une chambre avec un lit en 160 et une chambre avec deux lits simple en 90, une salle de bain avec douche et WC ind\u00e9pendant.<\/p>\n<p><strong>La suite<\/strong> <strong>\u00ab\u00a0Les C\u00e8dres\u00a0\u00bb<\/strong> de 60 m2 compte <strong>deux chambres<\/strong> : une chambre avec un lit en 160 et une chambre avec deux lits simple en 90, une salle de bain avec douche et WC.<\/p>\n<p>Nous ne savons pas encore si la piscine sera en service cet \u00e9t\u00e9.<\/p>\n<p>Un petit d\u00e9jeuner vous est propos\u00e9 \u00e0 partir de 8h00 dans la salle \u00e0 manger au rez-de-chauss\u00e9e.<\/p>\n<p>Vous pourrez garer votre voiture dans le parc.<\/p>\n<p>Si vous arrivez du Safari de Peaugres vous traverserez le village de Saint Julien, nous sommes \u00e0 la sortie au premier virage direction Colombier.<\/p>\n<p>Si vous \u00eates \u00e0 pieds sur le chemin de Saint Jacques de Compostelle depuis Chavanay, nous sommes apr\u00e8s le village par le chemin de Drevard : Domaine des Soyeux<\/p>\n<p><a href=\"http:\/\/www.domaine-soyeux.com\/wp-content\/uploads\/2025\/04\/BROCHURECHAMBRESDOMAINESOYEUX.pdf\">T\u00e9l\u00e9charger la fiche.<\/a><\/p>\n<style id=\"bwg-style-0\">    #bwg_container1_0 #bwg_container2_0 .bwg-container-0.bwg-standard-thumbnails {      width: 1254px;              justify-content: center;        margin:0 auto !important;              background-color: rgba(255, 255, 255, 0.00);            padding-left: 4px;      padding-top: 4px;      max-width: 100%;            }        #bwg_container1_0 #bwg_container2_0 .bwg-container-0.bwg-standard-thumbnails .bwg-item {    justify-content: flex-start;      max-width: 250px;          }    #bwg_container1_0 #bwg_container2_0 .bwg-container-0.bwg-standard-thumbnails .bwg-item a {       margin-right: 4px;       margin-bottom: 4px;    }    #bwg_container1_0 #bwg_container2_0 .bwg-container-0.bwg-standard-thumbnails .bwg-item0 {      padding: 0px;            background-color:rgba(0,0,0, 0.30);      border: 0px none #CCCCCC;      opacity: 1.00;      border-radius: 0;      box-shadow: ;    }    #bwg_container1_0 #bwg_container2_0 .bwg-container-0.bwg-standard-thumbnails .bwg-item1 img {      max-height: none;      max-width: none;      padding: 0 !important;    }         @media only screen and (min-width: 480px) {\t\t#bwg_container1_0 #bwg_container2_0 .bwg-container-0.bwg-standard-thumbnails .bwg-item1 img {\t\t\t-webkit-transition: all .3s; transition: all .3s;\t\t}\t\t#bwg_container1_0 #bwg_container2_0 .bwg-container-0.bwg-standard-thumbnails .bwg-item1 img:hover {\t\t\t-ms-transform: scale(1.08);\t\t\t-webkit-transform: scale(1.08);\t\t\ttransform: scale(1.08);\t\t}\t\t\t\t.bwg-standard-thumbnails .bwg-zoom-effect .bwg-zoom-effect-overlay {\t\t\t\t\t\tbackground-color:rgba(0,0,0, 0.3);\t\t}\t\t.bwg-standard-thumbnails .bwg-zoom-effect:hover img {\t\t\t-ms-transform: scale(1.08);\t\t\t-webkit-transform: scale(1.08);\t\t\ttransform: scale(1.08);\t\t}\t\t      }\t    #bwg_container1_0 #bwg_container2_0 .bwg-container-0.bwg-standard-thumbnails .bwg-item1 {      padding-top: 56%;    }        #bwg_container1_0 #bwg_container2_0 .bwg-container-0.bwg-standard-thumbnails .bwg-title1 {      position: absolute;      top: 0;      z-index: 100;      width: 100%;      height: 100%;      display: flex;      justify-content: center;      align-content: center;      flex-direction: column;      opacity: 0;    }\t      #bwg_container1_0 #bwg_container2_0 .bwg-container-0.bwg-standard-thumbnails .bwg-title2,    #bwg_container1_0 #bwg_container2_0 .bwg-container-0.bwg-standard-thumbnails .bwg-ecommerce2 {      color: #FFFFFF;      font-family: Ubuntu;      font-size: 16px;      font-weight: bold;      padding: 2px;      text-shadow: ;      max-height: 100%;    }    #bwg_container1_0 #bwg_container2_0 .bwg-container-0.bwg-standard-thumbnails .bwg-thumb-description span {    color: #323A45;    font-family: Ubuntu;    font-size: 12px;    max-height: 100%;    word-wrap: break-word;    }    #bwg_container1_0 #bwg_container2_0 .bwg-container-0.bwg-standard-thumbnails .bwg-play-icon2 {      font-size: 32px;    }    #bwg_container1_0 #bwg_container2_0 .bwg-container-0.bwg-standard-thumbnails .bwg-ecommerce2 {      font-size: 19.2px;      color: #323A45;    }    <\/style>    <div id=\"bwg_container1_0\"         class=\"bwg_container bwg_thumbnail bwg_thumbnails \"         data-right-click-protection=\"0\"         data-bwg=\"0\"         data-scroll=\"0\"         data-gallery-type=\"thumbnails\"         data-gallery-view-type=\"thumbnails\"         data-current-url=\"\/index.php?rest_route=%2Fwp%2Fv2%2Fpages%2F89\"         data-lightbox-url=\"http:\/\/www.domaine-soyeux.com\/wp-admin\/admin-ajax.php?action=GalleryBox&#038;current_view=0&#038;gallery_id=0&#038;tag=0&#038;theme_id=1&#038;shortcode_id=2&#038;sort_by=order&#038;order_by=asc&#038;current_url=%2Findex.php%3Frest_route%3D%252Fwp%252Fv2%252Fpages%252F89\"         data-gallery-id=\"0\"         data-popup-width=\"800\"         data-popup-height=\"500\"         data-is-album=\"gallery\"         data-buttons-position=\"bottom\">      <div id=\"bwg_container2_0\">             <div id=\"ajax_loading_0\" class=\"bwg_loading_div_1\">      <div class=\"bwg_loading_div_2\">        <div class=\"bwg_loading_div_3\">          <div id=\"loading_div_0\" class=\"bwg_spider_ajax_loading\">          <\/div>        <\/div>      <\/div>    <\/div>            <form id=\"gal_front_form_0\"              class=\"bwg-hidden\"              method=\"post\"              action=\"#\"              data-current=\"0\"              data-shortcode-id=\"2\"              data-gallery-type=\"thumbnails\"              data-gallery-id=\"0\"              data-tag=\"0\"              data-album-id=\"0\"              data-theme-id=\"1\"              data-ajax-url=\"http:\/\/www.domaine-soyeux.com\/wp-admin\/admin-ajax.php?action=bwg_frontend_data\">          <div id=\"bwg_container3_0\" class=\"bwg-background bwg-background-0\">                <div data-max-count=\"5\"         data-thumbnail-width=\"250\"         data-bwg=\"0\"         data-gallery-id=\"0\"         data-lightbox-url=\"http:\/\/www.domaine-soyeux.com\/wp-admin\/admin-ajax.php?action=GalleryBox&amp;current_view=0&amp;gallery_id=0&amp;tag=0&amp;theme_id=1&amp;shortcode_id=2&amp;sort_by=order&amp;order_by=asc&amp;current_url=%2Findex.php%3Frest_route%3D%252Fwp%252Fv2%252Fpages%252F89\"         id=\"bwg_thumbnails_0\"         class=\"bwg-container-0 bwg-thumbnails bwg-standard-thumbnails bwg-container bwg-border-box\">            <div class=\"bwg-item\">        <a class=\"bwg-a  bwg_lightbox\"  data-image-id=\"3\" href=\"http:\/\/www.domaine-soyeux.com\/wp-content\/uploads\/photo-gallery\/IMG_mont-pilat--537x301.jpg\" data-elementor-open-lightbox=\"no\">                <div class=\"bwg-item0 \">          <div class=\"bwg-item1 bwg-zoom-effect\">            <div class=\"bwg-item2\">              <img decoding=\"async\" class=\"skip-lazy bwg_standart_thumb_img_0 \"                   data-id=\"3\"                   data-width=\"\"                   data-height=\"\"                   data-src=\"http:\/\/www.domaine-soyeux.com\/wp-content\/uploads\/photo-gallery\/thumb\/IMG_mont-pilat--537x301.jpg\"                   src=\"http:\/\/www.domaine-soyeux.com\/wp-content\/uploads\/photo-gallery\/thumb\/IMG_mont-pilat--537x301.jpg\"                   alt=\"IMG mont-pilat--537x301\"                   title=\"IMG mont-pilat--537x301\" \/>            <\/div>            <div class=\"bwg-zoom-effect-overlay\">              <div class=\"bwg-title1\"><div class=\"bwg-title2\">IMG mont-pilat--537x301<\/div><\/div>                                        <\/div>          <\/div>        <\/div>                        <\/a>              <\/div>            <div class=\"bwg-item\">        <a class=\"bwg-a  bwg_lightbox\"  data-image-id=\"2\" href=\"http:\/\/www.domaine-soyeux.com\/wp-content\/uploads\/photo-gallery\/parc-naturel-pilat-paysage-cover-810x463.jpg\" data-elementor-open-lightbox=\"no\">                <div class=\"bwg-item0 \">          <div class=\"bwg-item1 bwg-zoom-effect\">            <div class=\"bwg-item2\">              <img decoding=\"async\" class=\"skip-lazy bwg_standart_thumb_img_0 \"                   data-id=\"2\"                   data-width=\"\"                   data-height=\"\"                   data-src=\"http:\/\/www.domaine-soyeux.com\/wp-content\/uploads\/photo-gallery\/thumb\/parc-naturel-pilat-paysage-cover-810x463.jpg\"                   src=\"http:\/\/www.domaine-soyeux.com\/wp-content\/uploads\/photo-gallery\/thumb\/parc-naturel-pilat-paysage-cover-810x463.jpg\"                   alt=\"parc-naturel-pilat-paysage-cover-810x463\"                   title=\"parc-naturel-pilat-paysage-cover-810x463\" \/>            <\/div>            <div class=\"bwg-zoom-effect-overlay\">              <div class=\"bwg-title1\"><div class=\"bwg-title2\">parc-naturel-pilat-paysage-cover-810x463<\/div><\/div>                                        <\/div>          <\/div>        <\/div>                        <\/a>              <\/div>            <div class=\"bwg-item\">        <a class=\"bwg-a  bwg_lightbox\"  data-image-id=\"1\" href=\"http:\/\/www.domaine-soyeux.com\/wp-content\/uploads\/photo-gallery\/org2d88cf491d57c9e71494836283000.jpg\" data-elementor-open-lightbox=\"no\">                <div class=\"bwg-item0 \">          <div class=\"bwg-item1 bwg-zoom-effect\">            <div class=\"bwg-item2\">              <img decoding=\"async\" class=\"skip-lazy bwg_standart_thumb_img_0 \"                   data-id=\"1\"                   data-width=\"\"                   data-height=\"\"                   data-src=\"http:\/\/www.domaine-soyeux.com\/wp-content\/uploads\/photo-gallery\/thumb\/org2d88cf491d57c9e71494836283000.jpg\"                   src=\"http:\/\/www.domaine-soyeux.com\/wp-content\/uploads\/photo-gallery\/thumb\/org2d88cf491d57c9e71494836283000.jpg\"                   alt=\"org2d88cf491d57c9e71494836283000\"                   title=\"org2d88cf491d57c9e71494836283000\" \/>            <\/div>            <div class=\"bwg-zoom-effect-overlay\">              <div class=\"bwg-title1\"><div class=\"bwg-title2\">org2d88cf491d57c9e71494836283000<\/div><\/div>                                        <\/div>          <\/div>        <\/div>                        <\/a>              <\/div>          <\/div>    <style>      \/*pagination styles*\/      #bwg_container1_0 #bwg_container2_0 .tablenav-pages_0 {\t\t\t\ttext-align: center;\t\t\t\tfont-size: 12px;\t\t\t\tfont-family: segoe ui;\t\t\t\tfont-weight: bold;\t\t\t\tcolor: #666666;\t\t\t\tmargin: 6px 0 4px;\t\t\t\tdisplay: block;      }      @media only screen and (max-width : 320px) {      #bwg_container1_0 #bwg_container2_0 .displaying-num_0 {     \t display: none;      }      }      #bwg_container1_0 #bwg_container2_0 .displaying-num_0 {\t\t\t\tfont-size: 12px;\t\t\t\tfont-family: segoe ui;\t\t\t\tfont-weight: bold;\t\t\t\tcolor: #666666;\t\t\t\tmargin-right: 10px;\t\t\t\tvertical-align: middle;      }      #bwg_container1_0 #bwg_container2_0 .paging-input_0 {\t\t\t\tfont-size: 12px;\t\t\t\tfont-family: segoe ui;\t\t\t\tfont-weight: bold;\t\t\t\tcolor: #666666;\t\t\t\tvertical-align: middle;      }      #bwg_container1_0 #bwg_container2_0 .tablenav-pages_0 a.disabled,      #bwg_container1_0 #bwg_container2_0 .tablenav-pages_0 a.disabled:hover,      #bwg_container1_0 #bwg_container2_0 .tablenav-pages_0 a.disabled:focus,\t\t\t#bwg_container1_0 #bwg_container2_0 .tablenav-pages_0 input.bwg_current_page {\t\t\t\tcursor: default;\t\t\t\tcolor: rgba(102, 102, 102, 0.5);      }      #bwg_container1_0 #bwg_container2_0 .tablenav-pages_0 a,      #bwg_container1_0 #bwg_container2_0 .tablenav-pages_0 input.bwg_current_page {\t\t\t\tcursor: pointer;\t\t\t\ttext-align: center;\t\t\t\tfont-size: 12px;\t\t\t\tfont-family: segoe ui;\t\t\t\tfont-weight: bold;\t\t\t\tcolor: #666666;\t\t\t\ttext-decoration: none;\t\t\t\tpadding: 3px 6px;\t\t\t\tmargin: 0;\t\t\t\tborder-radius: 0;\t\t\t\tborder-style: solid;\t\t\t\tborder-width: 1px;\t\t\t\tborder-color: #E3E3E3;\t\t\t\t\t\t\t\tbackground-color: rgba(255, 255, 255, 1.00);\t\t\t\tbox-shadow: 0;\t\t\t\ttransition: all 0.3s ease 0s;-webkit-transition: all 0.3s ease 0s;      }      <\/style>      <span class=\"bwg_nav_cont_0\">              <div class=\"tablenav-pages_0\">                  <\/div>                <input type=\"hidden\" id=\"page_number_0\" name=\"page_number_0\" value=\"1\" \/>      <script type=\"text\/javascript\">        if( jQuery('.bwg_nav_cont_0').length > 1 ) {          jQuery('.bwg_nav_cont_0').first().remove()        }        function spider_page_0(cur, x, y, load_more) {          if (typeof load_more == \"undefined\") {            var load_more = false;          }          if (jQuery(cur).hasClass('disabled')) {            return false;          }          var items_county_0 = 1;          switch (y) {            case 1:              if (x >= items_county_0) {                document.getElementById('page_number_0').value = items_county_0;              }              else {                document.getElementById('page_number_0').value = x + 1;              }              break;            case 2:              document.getElementById('page_number_0').value = items_county_0;              break;            case -1:              if (x == 1) {                document.getElementById('page_number_0').value = 1;              }              else {                document.getElementById('page_number_0').value = x - 1;              }              break;            case -2:              document.getElementById('page_number_0').value = 1;              break;\t\t\t\t\t\tcase 0:              document.getElementById('page_number_0').value = x;              break;            default:              document.getElementById('page_number_0').value = 1;          }          bwg_ajax('gal_front_form_0', '0', 'bwg_thumbnails_0', '0', '', 'gallery', 0, '', '', load_more, '', 1);        }                    jQuery('.first-page-0').on('click', function () {              spider_page_0(this, 1, -2, 'numeric');              return false;            });            jQuery('.prev-page-0').on('click', function () {              spider_page_0(this, 1, -1, 'numeric');              return false;            });            jQuery('.next-page-0').on('click', function () {              spider_page_0(this, 1, 1, 'numeric');              return false;            });            jQuery('.last-page-0').on('click', function () {              spider_page_0(this, 1, 2, 'numeric');              return false;            });        \t\t\t\t\/* Change page on input enter. *\/        function bwg_change_page_0( e, that ) {          if (  e.key == 'Enter' ) {            var to_page = parseInt(jQuery(that).val());            var pages_count = jQuery(that).parents(\".pagination-links\").data(\"pages-count\");            var current_url_param = jQuery(that).attr('data-url-info');            if (to_page > pages_count) {              to_page = 1;            }\t \t\t\t\t\t\t\t\t\t\t\t\tspider_page_0(this, to_page, 0, 'numeric');\t\t\t\t\t\t\treturn false;\t\t\t\t\t\t          }          return true;        }        jQuery('.bwg_load_btn_0').on('click', function () {            spider_page_0(this, 1, 1, true);            return false;        });      <\/script>      <\/span>                <\/div>        <\/form>        <style>          #bwg_container1_0 #bwg_container2_0 #spider_popup_overlay_0 {          background-color: #EEEEEE;          opacity: 0.60;          }          <\/style>        <div id=\"bwg_spider_popup_loading_0\" class=\"bwg_spider_popup_loading\"><\/div>        <div id=\"spider_popup_overlay_0\" class=\"spider_popup_overlay\" onclick=\"spider_destroypopup(1000)\"><\/div>        <input type=\"hidden\" id=\"bwg_random_seed_0\" value=\"1406789015\">                <\/div>    <\/div>    <script>      if (document.readyState === 'complete') {        if( typeof bwg_main_ready == 'function' ) {          if ( jQuery(\"#bwg_container1_0\").height() ) {            bwg_main_ready(jQuery(\"#bwg_container1_0\"));          }        }      } else {        document.addEventListener('DOMContentLoaded', function() {          if( typeof bwg_main_ready == 'function' ) {            if ( jQuery(\"#bwg_container1_0\").height() ) {             bwg_main_ready(jQuery(\"#bwg_container1_0\"));            }          }        });      }    <\/script>    \n","protected":false},"excerpt":{"rendered":"<p>Cinq chambres d&rsquo;h\u00f4tes spacieuses et confortables vous attendent pour de paisibles nuits au Ch\u00e2teau. A partir du 4 juillet, nous mettons \u00e0 votre disposition 5 chambres du chateau situ\u00e9es au premier et deuxi\u00e8me \u00e9tage. Le petit d\u00e9jeuner, le linge de toilette et le m\u00e9nage sont inclus dans nos tarifs qui s&rsquo;entendent \u00e0 la chambre par [&hellip;]<\/p>\n","protected":false},"author":1,"featured_media":0,"parent":0,"menu_order":0,"comment_status":"closed","ping_status":"closed","template":"page-templates\/template-fullwidth.php","meta":{"footnotes":""},"class_list":["post-89","page","type-page","status-publish","hentry"],"_links":{"self":[{"href":"http:\/\/www.domaine-soyeux.com\/index.php?rest_route=\/wp\/v2\/pages\/89","targetHints":{"allow":["GET"]}}],"collection":[{"href":"http:\/\/www.domaine-soyeux.com\/index.php?rest_route=\/wp\/v2\/pages"}],"about":[{"href":"http:\/\/www.domaine-soyeux.com\/index.php?rest_route=\/wp\/v2\/types\/page"}],"author":[{"embeddable":true,"href":"http:\/\/www.domaine-soyeux.com\/index.php?rest_route=\/wp\/v2\/users\/1"}],"replies":[{"embeddable":true,"href":"http:\/\/www.domaine-soyeux.com\/index.php?rest_route=%2Fwp%2Fv2%2Fcomments&post=89"}],"version-history":[{"count":8,"href":"http:\/\/www.domaine-soyeux.com\/index.php?rest_route=\/wp\/v2\/pages\/89\/revisions"}],"predecessor-version":[{"id":280,"href":"http:\/\/www.domaine-soyeux.com\/index.php?rest_route=\/wp\/v2\/pages\/89\/revisions\/280"}],"wp:attachment":[{"href":"http:\/\/www.domaine-soyeux.com\/index.php?rest_route=%2Fwp%2Fv2%2Fmedia&parent=89"}],"curies":[{"name":"wp","href":"https:\/\/api.w.org\/{rel}","templated":true}]}}